{"id":39797,"date":"2026-03-12T17:36:26","date_gmt":"2026-03-12T16:36:26","guid":{"rendered":"https:\/\/giostyle.com\/?post_type=product&#038;p=39797"},"modified":"2026-03-12T17:56:37","modified_gmt":"2026-03-12T16:56:37","slug":"marilu-cutting-board-severino-s","status":"publish","type":"product","link":"https:\/\/giostyle.com\/en\/product\/marilu-cutting-board-severino-s\/","title":{"rendered":"Maril\u00f9 Cutting Board Severino S"},"content":{"rendered":"<p>Tagliere in polipropilene di alta qualit\u00e0, resistente e ideale per l\u2019uso quotidiano. \u00c8 leggero, igienico e non assorbe odori n\u00e9 sapori, perfetto per la preparazione di qualsiasi alimento. Realizzato in materiale sicuro e durevole, pu\u00f2 essere lavato comodamente in lavastoviglie senza deformarsi.<br \/>\nDisponibile in quattro eleganti colori pastello: rosa, verde acqua, grigio e burro.<br \/>\nUn accessorio essenziale per una cucina moderna, pratica e colorata.<\/p>\n","protected":false},"featured_media":39703,"template":"","product_category":[117],"product_type":[17],"class_list":["post-39797","product","type-product","status-publish","has-post-thumbnail","hentry","product_category-marilu","product_type-indoor"],"acf":[],"_links":{"self":[{"href":"https:\/\/giostyle.com\/en\/wp-json\/wp\/v2\/product\/39797","targetHints":{"allow":["GET"]}}],"collection":[{"href":"https:\/\/giostyle.com\/en\/wp-json\/wp\/v2\/product"}],"about":[{"href":"https:\/\/giostyle.com\/en\/wp-json\/wp\/v2\/types\/product"}],"wp:featuredmedia":[{"embeddable":true,"href":"https:\/\/giostyle.com\/en\/wp-json\/wp\/v2\/media\/39703"}],"wp:attachment":[{"href":"https:\/\/giostyle.com\/en\/wp-json\/wp\/v2\/media?parent=39797"}],"wp:term":[{"taxonomy":"product_category","embeddable":true,"href":"https:\/\/giostyle.com\/en\/wp-json\/wp\/v2\/product_category?post=39797"},{"taxonomy":"product_type","embeddable":true,"href":"https:\/\/giostyle.com\/en\/wp-json\/wp\/v2\/product_type?post=39797"}],"curies":[{"name":"wp","href":"https:\/\/api.w.org\/{rel}","templated":true}]}}