{"id":37514,"date":"2024-01-26T15:56:04","date_gmt":"2024-01-26T14:56:04","guid":{"rendered":"https:\/\/giostyle.com\/?post_type=product&#038;p=37514"},"modified":"2024-07-31T12:19:23","modified_gmt":"2024-07-31T10:19:23","slug":"river-lunch-bag-2","status":"publish","type":"product","link":"https:\/\/giostyle.com\/en\/product\/river-lunch-bag-2\/","title":{"rendered":"RIVER LUNCH BAG"},"content":{"rendered":"\r\n<p>Una collezione pensate per chi \u00e8 sempre in movimento, tra passeggiate, escursioni in bici e sport di vario tipo. Design, praticit\u00e0 e comodit\u00e0 combinati perfettamente creano la linea river; <br \/>gli spallacci imbottiti offrono il massimo comfort dovunque tu stia camminando; due tasche in rete portaoggetti o porta borracce;<br \/>isolamento di 6 mm in schiuma di polietilene ad alta densit\u00e0.<\/p>\r\n","protected":false},"featured_media":37492,"template":"","product_category":[99],"product_type":[18],"class_list":["post-37514","product","type-product","status-publish","has-post-thumbnail","hentry","product_category-river","product_type-outdoor"],"acf":[],"_links":{"self":[{"href":"https:\/\/giostyle.com\/en\/wp-json\/wp\/v2\/product\/37514","targetHints":{"allow":["GET"]}}],"collection":[{"href":"https:\/\/giostyle.com\/en\/wp-json\/wp\/v2\/product"}],"about":[{"href":"https:\/\/giostyle.com\/en\/wp-json\/wp\/v2\/types\/product"}],"wp:featuredmedia":[{"embeddable":true,"href":"https:\/\/giostyle.com\/en\/wp-json\/wp\/v2\/media\/37492"}],"wp:attachment":[{"href":"https:\/\/giostyle.com\/en\/wp-json\/wp\/v2\/media?parent=37514"}],"wp:term":[{"taxonomy":"product_category","embeddable":true,"href":"https:\/\/giostyle.com\/en\/wp-json\/wp\/v2\/product_category?post=37514"},{"taxonomy":"product_type","embeddable":true,"href":"https:\/\/giostyle.com\/en\/wp-json\/wp\/v2\/product_type?post=37514"}],"curies":[{"name":"wp","href":"https:\/\/api.w.org\/{rel}","templated":true}]}}