{"id":36340,"date":"2023-04-28T14:53:14","date_gmt":"2023-04-28T12:53:14","guid":{"rendered":"https:\/\/giostyle.com\/product\/bacinella-rett-love-bianca-assortito\/"},"modified":"2023-09-18T16:19:08","modified_gmt":"2023-09-18T14:19:08","slug":"white-rectangular-basin-love-assorted","status":"publish","type":"product","link":"https:\/\/giostyle.com\/en\/product\/white-rectangular-basin-love-assorted\/","title":{"rendered":"White rectangular basin love"},"content":{"rendered":"<p><span data-sheets-value=\"{&quot;1&quot;:2,&quot;2&quot;:&quot;Bacinella rettangolare bianca con manici colorati della linea Love. Una linea creata grazie alla filosofia del riciclato e dell'imperfezione data dal passato. Design curato e linee morbide con dettagli colorati adatti a tutti i gusti. La bacinella rettangolare LOVE, \u00e8 ideale per ordinare i capi puliti e sporchi in casa o alla lavanderia. Realizzata in Polipropilene resistente, facile da pulire e pu\u00f2 contenere fino a 22,5 Lt, prodotto \\&quot;Made in Italy\\&quot;. La bacinella con manici resistenti colorati \u00e8 ideale per il trasporto di bucato umido e pu\u00f2 essere utilizzata per mettere gli indumenti a mollo. &quot;}\" data-sheets-userformat=\"{&quot;2&quot;:14785,&quot;3&quot;:{&quot;1&quot;:0,&quot;3&quot;:1},&quot;9&quot;:1,&quot;10&quot;:1,&quot;11&quot;:4,&quot;14&quot;:{&quot;1&quot;:3,&quot;3&quot;:1},&quot;15&quot;:&quot;Calibri&quot;,&quot;16&quot;:11}\">Bacinella rettangolare bianca con manici colorati della linea Love. Una linea creata grazie alla filosofia del riciclato e dell&#8217;imperfezione data dal passato. Design curato e linee morbide con dettagli colorati adatti a tutti i gusti. La bacinella rettangolare LOVE, \u00e8 ideale per ordinare i capi puliti e sporchi in casa o alla lavanderia. Realizzata in Polipropilene resistente, facile da pulire e pu\u00f2 contenere fino a 22,5 Lt, prodotto &#8220;Made in Italy&#8221;. La bacinella con manici resistenti colorati \u00e8 ideale per il trasporto di bucato umido e pu\u00f2 essere utilizzata per mettere gli indumenti a mollo. <\/span><\/p>\n","protected":false},"featured_media":37040,"template":"","product_category":[50],"product_type":[17],"class_list":["post-36340","product","type-product","status-publish","has-post-thumbnail","hentry","product_category-love","product_type-indoor"],"acf":[],"_links":{"self":[{"href":"https:\/\/giostyle.com\/en\/wp-json\/wp\/v2\/product\/36340","targetHints":{"allow":["GET"]}}],"collection":[{"href":"https:\/\/giostyle.com\/en\/wp-json\/wp\/v2\/product"}],"about":[{"href":"https:\/\/giostyle.com\/en\/wp-json\/wp\/v2\/types\/product"}],"wp:featuredmedia":[{"embeddable":true,"href":"https:\/\/giostyle.com\/en\/wp-json\/wp\/v2\/media\/37040"}],"wp:attachment":[{"href":"https:\/\/giostyle.com\/en\/wp-json\/wp\/v2\/media?parent=36340"}],"wp:term":[{"taxonomy":"product_category","embeddable":true,"href":"https:\/\/giostyle.com\/en\/wp-json\/wp\/v2\/product_category?post=36340"},{"taxonomy":"product_type","embeddable":true,"href":"https:\/\/giostyle.com\/en\/wp-json\/wp\/v2\/product_type?post=36340"}],"curies":[{"name":"wp","href":"https:\/\/api.w.org\/{rel}","templated":true}]}}